{"id":61,"date":"2017-04-19T11:17:51","date_gmt":"2017-04-19T11:17:51","guid":{"rendered":"http:\/\/www.biblioteca-antologica.org\/es\/?page_id=61"},"modified":"2022-03-06T08:48:50","modified_gmt":"2022-03-06T15:48:50","slug":"presentacion","status":"publish","type":"page","link":"https:\/\/www.biblioteca-antologica.org\/es\/","title":{"rendered":"Presentaci\u00f3n"},"content":{"rendered":"<p>La <em>Biblioteca Antolog\u00eda <\/em>es un proyecto que ha surgido de los esfuerzos del Dr. Justo S. Alarc\u00f3n por dar visibilidad a la literatura hisp\u00e1nica en un formato abierto y disponible a todo el p\u00fablico. Tras los pasos de Justo Alarc\u00f3n como Fundador de la <em>Biblioteca Antol\u00f3gica<\/em>, Alberto Acereda y Antonio Herrer\u00eda toman las riendas como Co-Directores. Esta nueva etapa de la Biblioteca se presenta llena de ilusi\u00f3n, augur\u00e1ndola un largo\u00a0 futuro.<\/p>\n<p>Hemos organizado la Biblioteca Antol\u00f3gica en base a \u00e9pocas y g\u00e9neros literarios tradicionales: Edad Media (siglos XIII y XIV), Renacimiento (siglos XV y XVI), Barroco (siglo XVII), Neoclasicismo (siglo XVIII), Romanticismo (primera mitad del siglo XIX), Realismo (segunda mitad del siglo XIX), Generaci\u00f3n del \u201998 y Modernismo (confluencia de los siglos XIX y XX), y Vanguardismo (pleno siglo XX), entendiendo por ello los muchos movimientos o escuelas que surgieron durante este siglo, tanto en Espa\u00f1a como en Hispanoam\u00e9rica, que tambi\u00e9n se conoce como la \u00c9poca de los -Ismos. Y en lo tocante a los G\u00e9neros Literarios, tambi\u00e9n nos ajustamos a la nomenclatura tradicional: Drama, Ensayo, Narrativa, Poes\u00eda, incluyendo tambi\u00e9n la Cr\u00f3nica, como g\u00e9nero separado de la Narrativa.<\/p>\n<p>Como ap\u00e9ndice de lo hasta aqu\u00ed dicho, queremos exponer clara y contundentemente que todo el material que subamos a la P\u00e1gina no tiene la intenci\u00f3n de transgredir las leyes de los derechos de autor, de editor, de propiedad intelectual y de cualquier otra limitaci\u00f3n. Queremos aclarar tambi\u00e9n, y como corolario, que, en caso de que alguna de las obras est\u00e9n todav\u00eda bajo cualquier de esta variedad de derechos, y no sean de dominio p\u00fablico, que nos lo comuniquen y, con respeto y rapidez, las sacaremos de la Web.<\/p>\n<p>Esperamos que la <em>Biblioteca Antol\u00f3gica<\/em> ayude a promover la literatura hisp\u00e1nica y difundir el amor por el espa\u00f1ol. Esta Antolog\u00eda ser\u00e1 especialmente \u00fatil a estudiantes y profesores de filolog\u00eda hisp\u00e1nica.<\/p>\n<p>La Direcci\u00f3n<\/p>\n<p>Director: Antonio Herrer\u00eda<\/p>\n<p>Co-Director: Alberto Acereda<\/p>\n<p>Fundador: Justo S. Alarc\u00f3n<\/p>\n<p>Consejo Asesor:<\/p>\n<p>Ricardo Reyes Castro,\u00a0Manuel Hern\u00e1ndez Gonz\u00e1lez,\u00a0Armando Migu\u00e9lez, Andr\u00e9s Ruiz-Olaya, B\u00e1rbara Heinsch, Amber Workman,\u00a0Marcos Pico Renter\u00eda<\/p>\n<p>Colaboradores:<\/p>\n<p>Ana Sifuentes<\/p>\n","protected":false},"excerpt":{"rendered":"<p>La Biblioteca Antolog\u00eda es un proyecto que ha surgido de los esfuerzos del Dr. Justo S. Alarc\u00f3n por dar visibilidad a la literatura hisp\u00e1nica en un formato abierto y disponible a todo el p\u00fablico. Tras los pasos de Justo Alarc\u00f3n como Fundador de la Biblioteca Antol\u00f3gica, Alberto Acereda y Antonio Herrer\u00eda toman las riendas como &hellip; <a href=\"https:\/\/www.biblioteca-antologica.org\/es\/\" class=\"more-link\">Sigue leyendo <span class=\"screen-reader-text\">Presentaci\u00f3n<\/span><\/a><\/p>\n","protected":false},"author":1,"featured_media":0,"parent":0,"menu_order":0,"comment_status":"closed","ping_status":"closed","template":"template-fullwidth.php","meta":{"footnotes":""},"class_list":["post-61","page","type-page","status-publish","hentry"],"_links":{"self":[{"href":"https:\/\/www.biblioteca-antologica.org\/es\/wp-json\/wp\/v2\/pages\/61","targetHints":{"allow":["GET"]}}],"collection":[{"href":"https:\/\/www.biblioteca-antologica.org\/es\/wp-json\/wp\/v2\/pages"}],"about":[{"href":"https:\/\/www.biblioteca-antologica.org\/es\/wp-json\/wp\/v2\/types\/page"}],"author":[{"embeddable":true,"href":"https:\/\/www.biblioteca-antologica.org\/es\/wp-json\/wp\/v2\/users\/1"}],"replies":[{"embeddable":true,"href":"https:\/\/www.biblioteca-antologica.org\/es\/wp-json\/wp\/v2\/comments?post=61"}],"version-history":[{"count":16,"href":"https:\/\/www.biblioteca-antologica.org\/es\/wp-json\/wp\/v2\/pages\/61\/revisions"}],"predecessor-version":[{"id":10725,"href":"https:\/\/www.biblioteca-antologica.org\/es\/wp-json\/wp\/v2\/pages\/61\/revisions\/10725"}],"wp:attachment":[{"href":"https:\/\/www.biblioteca-antologica.org\/es\/wp-json\/wp\/v2\/media?parent=61"}],"curies":[{"name":"wp","href":"https:\/\/api.w.org\/{rel}","templated":true}]}}